{"id":77,"date":"2018-04-27T13:06:38","date_gmt":"2018-04-27T13:06:38","guid":{"rendered":"http:\/\/www.bvrm.pt\/?page_id=77"},"modified":"2023-12-19T09:26:33","modified_gmt":"2023-12-19T09:26:33","slug":"socios","status":"publish","type":"page","link":"https:\/\/bvrm.pt\/index.php\/socios\/","title":{"rendered":"S\u00f3cios"},"content":{"rendered":"\t\t<div data-elementor-type=\"wp-page\" data-elementor-id=\"77\" class=\"elementor elementor-77\">\n\t\t\t\t\t\t<section class=\"elementor-section elementor-top-section elementor-element elementor-element-b627c8d elementor-section-boxed elementor-section-height-default elementor-section-height-default\" data-id=\"b627c8d\" data-element_type=\"section\" data-e-type=\"section\">\n\t\t\t\t\t\t<div class=\"elementor-container elementor-column-gap-default\">\n\t\t\t\t\t<div class=\"elementor-column elementor-col-100 elementor-top-column elementor-element elementor-element-36e6ad4c\" data-id=\"36e6ad4c\" data-element_type=\"column\" data-e-type=\"column\">\n\t\t\t<div class=\"elementor-widget-wrap elementor-element-populated\">\n\t\t\t\t\t\t<div class=\"elementor-element elementor-element-c51bab2 elementor-widget__width-initial elementor-widget elementor-widget-text-editor\" data-id=\"c51bab2\" data-element_type=\"widget\" data-e-type=\"widget\" data-widget_type=\"text-editor.default\">\n\t\t\t\t<div class=\"elementor-widget-container\">\n\t\t\t\t\t\t\t\t\t<h3><strong>PROTOCOLOS<\/strong><\/h3><h5><strong>DESCONTOS E BENEF\u00cdCIOS<\/strong><\/h5><p>Os protocolos assinados entre a Associa\u00e7\u00e3o Humanit\u00e1ria de Bombeiros Volunt\u00e1rios de Rio Maior e as diversas entidades listadas abaixo conferem descontos e\/ou benef\u00edcios a todos os s\u00f3cios ativos.<br \/>Para mais informa\u00e7\u00f5es, sugerimos um contacto direto com a secretaria da Associa\u00e7\u00e3o.<\/p><h6>\u25ba<strong>\u00a0<a href=\"https:\/\/bvrm.pt\/index.php\/socios\/pre-inscricao-associado\/\">Pr\u00e9-inscri\u00e7\u00e3o Associado<\/a><\/strong><\/h6><h6>\u00a0<\/h6><p><strong>Activefisio, Lda. \u2022 AutoSipe, Lda. \u2022 Bambu Maior \u2022 Benecar \u2022 Bitzone, Lda. \u2022 Branc\u00f3ptica, Lda. \u2022 DESMOR, EEM\u00a0 \u2022 Electro 21, Lda. \u2022 Elite Fitness \u2022 Escola de Condu\u00e7\u00e3o Riomaiorense \u2022 Farm\u00e1cia Almeida \u2022 Farm\u00e1cia Central \u2022 Farm\u00e1cia Ferraria Paulino \u2022 Fit Group Studio \u2022 Instituto \u00d3ptico \u2022 ISLA Santar\u00e9m \u2022 Lu\u00eds Santos &amp; Santos, Lda \u2022 Maiorcolor Lda. \u2022 MCS &#8211; Sa\u00fade e Forma\u00e7\u00e3o, Lda. \u2022 Megamaior &#8211; Inform\u00e1tica e Forma\u00e7\u00e3o, Lda \u2022 Muniauto, Lda. \u2022\u00a0 OrtoMaior \u2022\u00a0 Riobaterias, Lda. \u2022 Riogr\u00e1fica &#8211; Tipografia Santos e Marques, Lda. \u2022 Riopneus, Lda. \u2022 Smiling Dental Clinic \u2022 Splash Pro \u2022 Tien Di Ren &#8211; Cl\u00ednica de Medicina Tradicional Chinesa, Lda. \u2022 Via Maior Unipessoal, Lda.<\/strong><\/p><h4>\u00a0<\/h4>\t\t\t\t\t\t\t\t<\/div>\n\t\t\t\t<\/div>\n\t\t\t\t\t<\/div>\n\t\t<\/div>\n\t\t\t\t\t<\/div>\n\t\t<\/section>\n\t\t\t\t<\/div>\n\t\t","protected":false},"excerpt":{"rendered":"<p>PROTOCOLOS DESCONTOS E BENEF\u00cdCIOS Os protocolos assinados entre a Associa\u00e7\u00e3o Humanit\u00e1ria de Bombeiros Volunt\u00e1rios de Rio Maior e as diversas entidades listadas abaixo conferem descontos e\/ou benef\u00edcios a todos os s\u00f3cios ativos.Para mais informa\u00e7\u00f5es, sugerimos um contacto direto com a secretaria da Associa\u00e7\u00e3o. \u25ba\u00a0Pr\u00e9-inscri\u00e7\u00e3o Associado \u00a0 Activefisio, Lda. \u2022 AutoSipe, Lda. \u2022 Bambu Maior \u2022&hellip;&nbsp;<a href=\"https:\/\/bvrm.pt\/index.php\/socios\/\" rel=\"bookmark\">Ler mais &raquo;<span class=\"screen-reader-text\">S\u00f3cios<\/span><\/a><\/p>\n","protected":false},"author":4,"featured_media":0,"parent":0,"menu_order":3,"comment_status":"closed","ping_status":"closed","template":"","meta":{"neve_meta_sidebar":"","neve_meta_container":"","neve_meta_enable_content_width":"","neve_meta_content_width":0,"neve_meta_title_alignment":"","neve_meta_author_avatar":"","neve_post_elements_order":"","neve_meta_disable_header":"","neve_meta_disable_footer":"","neve_meta_disable_title":"","footnotes":""},"class_list":["post-77","page","type-page","status-publish","hentry"],"_links":{"self":[{"href":"https:\/\/bvrm.pt\/index.php\/wp-json\/wp\/v2\/pages\/77","targetHints":{"allow":["GET"]}}],"collection":[{"href":"https:\/\/bvrm.pt\/index.php\/wp-json\/wp\/v2\/pages"}],"about":[{"href":"https:\/\/bvrm.pt\/index.php\/wp-json\/wp\/v2\/types\/page"}],"author":[{"embeddable":true,"href":"https:\/\/bvrm.pt\/index.php\/wp-json\/wp\/v2\/users\/4"}],"replies":[{"embeddable":true,"href":"https:\/\/bvrm.pt\/index.php\/wp-json\/wp\/v2\/comments?post=77"}],"version-history":[{"count":50,"href":"https:\/\/bvrm.pt\/index.php\/wp-json\/wp\/v2\/pages\/77\/revisions"}],"predecessor-version":[{"id":1087,"href":"https:\/\/bvrm.pt\/index.php\/wp-json\/wp\/v2\/pages\/77\/revisions\/1087"}],"wp:attachment":[{"href":"https:\/\/bvrm.pt\/index.php\/wp-json\/wp\/v2\/media?parent=77"}],"curies":[{"name":"wp","href":"https:\/\/api.w.org\/{rel}","templated":true}]}}